{"id":503,"date":"2026-01-20T20:58:57","date_gmt":"2026-01-20T20:58:57","guid":{"rendered":"https:\/\/esteiradeprojetos.com.br\/binadvogados\/?page_id=503"},"modified":"2026-02-02T16:43:02","modified_gmt":"2026-02-02T16:43:02","slug":"previdenciario","status":"publish","type":"page","link":"https:\/\/esteiradeprojetos.com.br\/binadvogados\/previdenciario\/","title":{"rendered":"Previdenci\u00e1rio"},"content":{"rendered":"\t\t<div data-elementor-type=\"wp-page\" data-elementor-id=\"503\" class=\"elementor elementor-503\" data-elementor-post-type=\"page\">\n\t\t\t\t<div class=\"elementor-element elementor-element-f8486f9 e-flex e-con-boxed e-con e-parent\" data-id=\"f8486f9\" data-element_type=\"container\" data-e-type=\"container\" data-settings=\"{&quot;background_background&quot;:&quot;classic&quot;}\">\n\t\t\t\t\t<div class=\"e-con-inner\">\n\t\t\t\t<div class=\"elementor-element elementor-element-fde0f52 elementor-widget elementor-widget-heading\" data-id=\"fde0f52\" data-element_type=\"widget\" data-e-type=\"widget\" data-widget_type=\"heading.default\">\n\t\t\t\t\t<h2 class=\"elementor-heading-title elementor-size-default\">DIREITO PREVIDENCI\u00c1RIO<\/h2>\t\t\t\t<\/div>\n\t\t\t\t<div class=\"elementor-element elementor-element-f612b47 elementor-widget-divider--view-line elementor-widget elementor-widget-divider\" data-id=\"f612b47\" data-element_type=\"widget\" data-e-type=\"widget\" data-widget_type=\"divider.default\">\n\t\t\t\t\t\t\t<div class=\"elementor-divider\">\n\t\t\t<span class=\"elementor-divider-separator\">\n\t\t\t\t\t\t<\/span>\n\t\t<\/div>\n\t\t\t\t\t\t<\/div>\n\t\t\t\t\t<\/div>\n\t\t\t\t<\/div>\n\t\t<div class=\"elementor-element elementor-element-acebee4 e-flex e-con-boxed e-con e-parent\" data-id=\"acebee4\" data-element_type=\"container\" data-e-type=\"container\">\n\t\t\t\t\t<div class=\"e-con-inner\">\n\t\t\t\t<div class=\"elementor-element elementor-element-05f5485 elementor-widget elementor-widget-text-editor\" data-id=\"05f5485\" data-element_type=\"widget\" data-e-type=\"widget\" data-widget_type=\"text-editor.default\">\n\t\t\t\t\t\t\t\t\t<p>Requerimentos administrativos e judiciais, a fim de solicitar benef\u00edcios, tais como: pens\u00e3o por morte, aux\u00edlio doen\u00e7a, benef\u00edcio assistencial, aposentadorias, dentre outros.<\/p>\t\t\t\t\t\t\t\t<\/div>\n\t\t\t\t\t<\/div>\n\t\t\t\t<\/div>\n\t\t<div class=\"elementor-element elementor-element-a7b0672 e-flex e-con-boxed e-con e-parent\" data-id=\"a7b0672\" data-element_type=\"container\" data-e-type=\"container\" data-settings=\"{&quot;background_background&quot;:&quot;classic&quot;}\">\n\t\t\t\t\t<div class=\"e-con-inner\">\n\t\t<div class=\"elementor-element elementor-element-39122b0 e-con-full e-flex e-con e-child\" data-id=\"39122b0\" data-element_type=\"container\" data-e-type=\"container\" data-settings=\"{&quot;background_background&quot;:&quot;classic&quot;}\">\n\t\t<div class=\"elementor-element elementor-element-c4f52dc e-con-full e-flex e-con e-child\" data-id=\"c4f52dc\" data-element_type=\"container\" data-e-type=\"container\">\n\t\t\t\t<div class=\"elementor-element elementor-element-43d014c elementor-widget elementor-widget-heading\" data-id=\"43d014c\" data-element_type=\"widget\" data-e-type=\"widget\" data-widget_type=\"heading.default\">\n\t\t\t\t\t<h2 class=\"elementor-heading-title elementor-size-default\">Consultivo\/ Preventivo\/ Administrativo<\/h2>\t\t\t\t<\/div>\n\t\t\t\t<div class=\"elementor-element elementor-element-43a01d8 elementor-widget-divider--view-line elementor-widget elementor-widget-divider\" data-id=\"43a01d8\" data-element_type=\"widget\" data-e-type=\"widget\" data-widget_type=\"divider.default\">\n\t\t\t\t\t\t\t<div class=\"elementor-divider\">\n\t\t\t<span class=\"elementor-divider-separator\">\n\t\t\t\t\t\t<\/span>\n\t\t<\/div>\n\t\t\t\t\t\t<\/div>\n\t\t\t\t<div class=\"elementor-element elementor-element-6d79f2d elementor-widget elementor-widget-text-editor\" data-id=\"6d79f2d\" data-element_type=\"widget\" data-e-type=\"widget\" data-widget_type=\"text-editor.default\">\n\t\t\t\t\t\t\t\t\t<p>Mapeamento da situa\u00e7\u00e3o previdenci\u00e1ria dos interessados, orientando sobre eventuais recolhimentos em excesso, realinhamento do planejamento previdenci\u00e1rio e\/ou solicita\u00e7\u00e3o administrativa junto ao \u00f3rg\u00e3o competente de reconhecimento de direito ao benef\u00edcio respectivo e\/ ou revis\u00e3o de benef\u00edcio j\u00e1 concedido, especialmente quanto aos profissionais liberais da \u00e1rea m\u00e9dica e\/ou servidores p\u00fablicos vinculados aos regimes pr\u00f3prios de previd\u00eancia social, previd\u00eancia privada e\/ou complementar.<\/p>\t\t\t\t\t\t\t\t<\/div>\n\t\t\t\t<div class=\"elementor-element elementor-element-7ad8d4c elementor-widget elementor-widget-heading\" data-id=\"7ad8d4c\" data-element_type=\"widget\" data-e-type=\"widget\" data-widget_type=\"heading.default\">\n\t\t\t\t\t<h2 class=\"elementor-heading-title elementor-size-default\">Contencioso<\/h2>\t\t\t\t<\/div>\n\t\t\t\t<div class=\"elementor-element elementor-element-ae2cab4 elementor-widget-divider--view-line elementor-widget elementor-widget-divider\" data-id=\"ae2cab4\" data-element_type=\"widget\" data-e-type=\"widget\" data-widget_type=\"divider.default\">\n\t\t\t\t\t\t\t<div class=\"elementor-divider\">\n\t\t\t<span class=\"elementor-divider-separator\">\n\t\t\t\t\t\t<\/span>\n\t\t<\/div>\n\t\t\t\t\t\t<\/div>\n\t\t\t\t<div class=\"elementor-element elementor-element-39f37a2 elementor-widget elementor-widget-text-editor\" data-id=\"39f37a2\" data-element_type=\"widget\" data-e-type=\"widget\" data-widget_type=\"text-editor.default\">\n\t\t\t\t\t\t\t\t\t<p>Atendimento de demandas previdenci\u00e1rias dos interessados no Regime Geral de Previd\u00eancia Social (RGPS), Regime Pr\u00f3prio de Previd\u00eancia Social (RPPS), Previd\u00eancia Complementar ou Privada, com o manejo das a\u00e7\u00f5es competentes para o reconhecimento de direitos aos benef\u00edcios previstos em lei, revis\u00e3o de benef\u00edcios j\u00e1 concedidos e\/ou medidas judicias para expurgos de cobran\u00e7as indevidas de contribui\u00e7\u00f5es previdenci\u00e1rias.<\/p>\t\t\t\t\t\t\t\t<\/div>\n\t\t\t\t<\/div>\n\t\t<div class=\"elementor-element elementor-element-217953e e-con-full e-flex e-con e-child\" data-id=\"217953e\" data-element_type=\"container\" data-e-type=\"container\" data-settings=\"{&quot;background_background&quot;:&quot;classic&quot;}\">\n\t\t\t\t<div class=\"elementor-element elementor-element-f07c681 elementor-widget elementor-widget-image\" data-id=\"f07c681\" data-element_type=\"widget\" data-e-type=\"widget\" data-widget_type=\"image.default\">\n\t\t\t\t\t\t\t\t\t\t\t\t\t\t\t<img fetchpriority=\"high\" decoding=\"async\" width=\"800\" height=\"900\" src=\"https:\/\/esteiradeprojetos.com.br\/binadvogados\/wp-content\/uploads\/2026\/02\/Inspiradoras-48.png\" class=\"attachment-large size-large wp-image-820\" alt=\"\" srcset=\"https:\/\/esteiradeprojetos.com.br\/binadvogados\/wp-content\/uploads\/2026\/02\/Inspiradoras-48.png 800w, https:\/\/esteiradeprojetos.com.br\/binadvogados\/wp-content\/uploads\/2026\/02\/Inspiradoras-48-267x300.png 267w, https:\/\/esteiradeprojetos.com.br\/binadvogados\/wp-content\/uploads\/2026\/02\/Inspiradoras-48-768x864.png 768w\" sizes=\"(max-width: 800px) 100vw, 800px\" \/>\t\t\t\t\t\t\t\t\t\t\t\t\t\t\t<\/div>\n\t\t\t\t<\/div>\n\t\t\t\t<\/div>\n\t\t\t\t\t<\/div>\n\t\t\t\t<\/div>\n\t\t\t\t<\/div>\n\t\t","protected":false},"excerpt":{"rendered":"<p>DIREITO PREVIDENCI\u00c1RIO Requerimentos administrativos e judiciais, a fim de solicitar benef\u00edcios, tais como: pens\u00e3o por morte, aux\u00edlio doen\u00e7a, benef\u00edcio assistencial, aposentadorias, dentre outros. Consultivo\/ Preventivo\/ Administrativo Mapeamento da situa\u00e7\u00e3o previdenci\u00e1ria dos interessados, orientando sobre eventuais recolhimentos em excesso, realinhamento do planejamento previdenci\u00e1rio e\/ou solicita\u00e7\u00e3o administrativa junto ao \u00f3rg\u00e3o competente de reconhecimento de direito ao benef\u00edcio [&hellip;]<\/p>\n","protected":false},"author":1,"featured_media":0,"parent":0,"menu_order":0,"comment_status":"closed","ping_status":"closed","template":"","meta":{"footnotes":""},"class_list":["post-503","page","type-page","status-publish","hentry"],"_hostinger_reach_plugin_has_subscription_block":false,"_hostinger_reach_plugin_is_elementor":false,"_links":{"self":[{"href":"https:\/\/esteiradeprojetos.com.br\/binadvogados\/wp-json\/wp\/v2\/pages\/503","targetHints":{"allow":["GET"]}}],"collection":[{"href":"https:\/\/esteiradeprojetos.com.br\/binadvogados\/wp-json\/wp\/v2\/pages"}],"about":[{"href":"https:\/\/esteiradeprojetos.com.br\/binadvogados\/wp-json\/wp\/v2\/types\/page"}],"author":[{"embeddable":true,"href":"https:\/\/esteiradeprojetos.com.br\/binadvogados\/wp-json\/wp\/v2\/users\/1"}],"replies":[{"embeddable":true,"href":"https:\/\/esteiradeprojetos.com.br\/binadvogados\/wp-json\/wp\/v2\/comments?post=503"}],"version-history":[{"count":16,"href":"https:\/\/esteiradeprojetos.com.br\/binadvogados\/wp-json\/wp\/v2\/pages\/503\/revisions"}],"predecessor-version":[{"id":964,"href":"https:\/\/esteiradeprojetos.com.br\/binadvogados\/wp-json\/wp\/v2\/pages\/503\/revisions\/964"}],"wp:attachment":[{"href":"https:\/\/esteiradeprojetos.com.br\/binadvogados\/wp-json\/wp\/v2\/media?parent=503"}],"curies":[{"name":"wp","href":"https:\/\/api.w.org\/{rel}","templated":true}]}}