{"id":482,"date":"2026-01-20T20:32:52","date_gmt":"2026-01-20T20:32:52","guid":{"rendered":"https:\/\/esteiradeprojetos.com.br\/binadvogados\/?page_id=482"},"modified":"2026-02-02T16:24:45","modified_gmt":"2026-02-02T16:24:45","slug":"direito-imobiliario","status":"publish","type":"page","link":"https:\/\/esteiradeprojetos.com.br\/binadvogados\/direito-imobiliario\/","title":{"rendered":"Direito Imobili\u00e1rio"},"content":{"rendered":"\t\t<div data-elementor-type=\"wp-page\" data-elementor-id=\"482\" class=\"elementor elementor-482\" data-elementor-post-type=\"page\">\n\t\t\t\t<div class=\"elementor-element elementor-element-f8486f9 e-flex e-con-boxed e-con e-parent\" data-id=\"f8486f9\" data-element_type=\"container\" data-e-type=\"container\" data-settings=\"{&quot;background_background&quot;:&quot;classic&quot;}\">\n\t\t\t\t\t<div class=\"e-con-inner\">\n\t\t\t\t<div class=\"elementor-element elementor-element-fde0f52 elementor-widget elementor-widget-heading\" data-id=\"fde0f52\" data-element_type=\"widget\" data-e-type=\"widget\" data-widget_type=\"heading.default\">\n\t\t\t\t\t<h2 class=\"elementor-heading-title elementor-size-default\">DIREITO IMOBILI\u00c1RIO<\/h2>\t\t\t\t<\/div>\n\t\t\t\t<div class=\"elementor-element elementor-element-f612b47 elementor-widget-divider--view-line elementor-widget elementor-widget-divider\" data-id=\"f612b47\" data-element_type=\"widget\" data-e-type=\"widget\" data-widget_type=\"divider.default\">\n\t\t\t\t\t\t\t<div class=\"elementor-divider\">\n\t\t\t<span class=\"elementor-divider-separator\">\n\t\t\t\t\t\t<\/span>\n\t\t<\/div>\n\t\t\t\t\t\t<\/div>\n\t\t\t\t\t<\/div>\n\t\t\t\t<\/div>\n\t\t<div class=\"elementor-element elementor-element-a7b0672 e-flex e-con-boxed e-con e-parent\" data-id=\"a7b0672\" data-element_type=\"container\" data-e-type=\"container\" data-settings=\"{&quot;background_background&quot;:&quot;classic&quot;}\">\n\t\t\t\t\t<div class=\"e-con-inner\">\n\t\t<div class=\"elementor-element elementor-element-39122b0 e-con-full e-flex e-con e-child\" data-id=\"39122b0\" data-element_type=\"container\" data-e-type=\"container\" data-settings=\"{&quot;background_background&quot;:&quot;classic&quot;}\">\n\t\t<div class=\"elementor-element elementor-element-c4f52dc e-con-full e-flex e-con e-child\" data-id=\"c4f52dc\" data-element_type=\"container\" data-e-type=\"container\">\n\t\t\t\t<div class=\"elementor-element elementor-element-dbedfa8 elementor-widget elementor-widget-text-editor\" data-id=\"dbedfa8\" data-element_type=\"widget\" data-e-type=\"widget\" data-widget_type=\"text-editor.default\">\n\t\t\t\t\t\t\t\t\t<p data-start=\"210\" data-end=\"477\">O Direito Imobili\u00e1rio \u00e9 o ramo do Direito que trata das rela\u00e7\u00f5es jur\u00eddicas envolvendo im\u00f3veis. Nosso escrit\u00f3rio atua na \u00e1rea oferecendo assessoria especializada, com foco em seguran\u00e7a jur\u00eddica e preven\u00e7\u00e3o de riscos em todas as etapas das negocia\u00e7\u00f5es imobili\u00e1rias.<\/p><p data-start=\"479\" data-end=\"798\">Trabalhamos na elabora\u00e7\u00e3o e revis\u00e3o de contratos, an\u00e1lise da situa\u00e7\u00e3o de im\u00f3veis junto aos \u00f3rg\u00e3os competentes, a\u00e7\u00f5es revisionais e renovat\u00f3rias de aluguel, a\u00e7\u00f5es indenizat\u00f3rias por v\u00edcios de constru\u00e7\u00e3o ou atraso na entrega de im\u00f3veis, bem como na responsabilidade civil de construtoras e incorporadoras.<\/p><p data-start=\"800\" data-end=\"1122\">Nossa atua\u00e7\u00e3o abrange ainda temas como compra e venda de im\u00f3veis, loca\u00e7\u00e3o, comodato, permuta, da\u00e7\u00e3o em pagamento, aliena\u00e7\u00e3o fiduci\u00e1ria, leil\u00f5es imobili\u00e1rios, regulariza\u00e7\u00e3o de im\u00f3veis e desmembramento, sempre buscando solu\u00e7\u00f5es jur\u00eddicas claras, seguras e eficientes para nossos clientes.<\/p>\t\t\t\t\t\t\t\t<\/div>\n\t\t\t\t<\/div>\n\t\t<div class=\"elementor-element elementor-element-217953e e-con-full e-flex e-con e-child\" data-id=\"217953e\" data-element_type=\"container\" data-e-type=\"container\" data-settings=\"{&quot;background_background&quot;:&quot;classic&quot;}\">\n\t\t\t\t<div class=\"elementor-element elementor-element-f07c681 elementor-widget elementor-widget-image\" data-id=\"f07c681\" data-element_type=\"widget\" data-e-type=\"widget\" data-widget_type=\"image.default\">\n\t\t\t\t\t\t\t\t\t\t\t\t\t\t\t<img fetchpriority=\"high\" decoding=\"async\" width=\"800\" height=\"900\" src=\"https:\/\/esteiradeprojetos.com.br\/binadvogados\/wp-content\/uploads\/2026\/02\/Inspiradoras-54.png\" class=\"attachment-large size-large wp-image-829\" alt=\"\" srcset=\"https:\/\/esteiradeprojetos.com.br\/binadvogados\/wp-content\/uploads\/2026\/02\/Inspiradoras-54.png 800w, https:\/\/esteiradeprojetos.com.br\/binadvogados\/wp-content\/uploads\/2026\/02\/Inspiradoras-54-267x300.png 267w, https:\/\/esteiradeprojetos.com.br\/binadvogados\/wp-content\/uploads\/2026\/02\/Inspiradoras-54-768x864.png 768w\" sizes=\"(max-width: 800px) 100vw, 800px\" \/>\t\t\t\t\t\t\t\t\t\t\t\t\t\t\t<\/div>\n\t\t\t\t<\/div>\n\t\t\t\t<\/div>\n\t\t\t\t\t<\/div>\n\t\t\t\t<\/div>\n\t\t\t\t<\/div>\n\t\t","protected":false},"excerpt":{"rendered":"<p>DIREITO IMOBILI\u00c1RIO O Direito Imobili\u00e1rio \u00e9 o ramo do Direito que trata das rela\u00e7\u00f5es jur\u00eddicas envolvendo im\u00f3veis. Nosso escrit\u00f3rio atua na \u00e1rea oferecendo assessoria especializada, com foco em seguran\u00e7a jur\u00eddica e preven\u00e7\u00e3o de riscos em todas as etapas das negocia\u00e7\u00f5es imobili\u00e1rias. Trabalhamos na elabora\u00e7\u00e3o e revis\u00e3o de contratos, an\u00e1lise da situa\u00e7\u00e3o de im\u00f3veis junto aos [&hellip;]<\/p>\n","protected":false},"author":1,"featured_media":0,"parent":0,"menu_order":0,"comment_status":"closed","ping_status":"closed","template":"","meta":{"footnotes":""},"class_list":["post-482","page","type-page","status-publish","hentry"],"_hostinger_reach_plugin_has_subscription_block":false,"_hostinger_reach_plugin_is_elementor":false,"_links":{"self":[{"href":"https:\/\/esteiradeprojetos.com.br\/binadvogados\/wp-json\/wp\/v2\/pages\/482","targetHints":{"allow":["GET"]}}],"collection":[{"href":"https:\/\/esteiradeprojetos.com.br\/binadvogados\/wp-json\/wp\/v2\/pages"}],"about":[{"href":"https:\/\/esteiradeprojetos.com.br\/binadvogados\/wp-json\/wp\/v2\/types\/page"}],"author":[{"embeddable":true,"href":"https:\/\/esteiradeprojetos.com.br\/binadvogados\/wp-json\/wp\/v2\/users\/1"}],"replies":[{"embeddable":true,"href":"https:\/\/esteiradeprojetos.com.br\/binadvogados\/wp-json\/wp\/v2\/comments?post=482"}],"version-history":[{"count":19,"href":"https:\/\/esteiradeprojetos.com.br\/binadvogados\/wp-json\/wp\/v2\/pages\/482\/revisions"}],"predecessor-version":[{"id":937,"href":"https:\/\/esteiradeprojetos.com.br\/binadvogados\/wp-json\/wp\/v2\/pages\/482\/revisions\/937"}],"wp:attachment":[{"href":"https:\/\/esteiradeprojetos.com.br\/binadvogados\/wp-json\/wp\/v2\/media?parent=482"}],"curies":[{"name":"wp","href":"https:\/\/api.w.org\/{rel}","templated":true}]}}