{"id":451,"date":"2026-01-20T20:00:47","date_gmt":"2026-01-20T20:00:47","guid":{"rendered":"https:\/\/esteiradeprojetos.com.br\/binadvogados\/?page_id=451"},"modified":"2026-02-02T16:45:35","modified_gmt":"2026-02-02T16:45:35","slug":"relacoes-trabalhistas","status":"publish","type":"page","link":"https:\/\/esteiradeprojetos.com.br\/binadvogados\/relacoes-trabalhistas\/","title":{"rendered":"Rela\u00e7\u00f5es Trabalhistas"},"content":{"rendered":"\t\t<div data-elementor-type=\"wp-page\" data-elementor-id=\"451\" class=\"elementor elementor-451\" data-elementor-post-type=\"page\">\n\t\t\t\t<div class=\"elementor-element elementor-element-f8486f9 e-flex e-con-boxed e-con e-parent\" data-id=\"f8486f9\" data-element_type=\"container\" data-e-type=\"container\" data-settings=\"{&quot;background_background&quot;:&quot;classic&quot;}\">\n\t\t\t\t\t<div class=\"e-con-inner\">\n\t\t\t\t<div class=\"elementor-element elementor-element-fde0f52 elementor-widget elementor-widget-heading\" data-id=\"fde0f52\" data-element_type=\"widget\" data-e-type=\"widget\" data-widget_type=\"heading.default\">\n\t\t\t\t\t<h2 class=\"elementor-heading-title elementor-size-default\">RELA\u00c7\u00d5ES TRABALHISTAS<\/h2>\t\t\t\t<\/div>\n\t\t\t\t<div class=\"elementor-element elementor-element-f612b47 elementor-widget-divider--view-line elementor-widget elementor-widget-divider\" data-id=\"f612b47\" data-element_type=\"widget\" data-e-type=\"widget\" data-widget_type=\"divider.default\">\n\t\t\t\t\t\t\t<div class=\"elementor-divider\">\n\t\t\t<span class=\"elementor-divider-separator\">\n\t\t\t\t\t\t<\/span>\n\t\t<\/div>\n\t\t\t\t\t\t<\/div>\n\t\t\t\t\t<\/div>\n\t\t\t\t<\/div>\n\t\t<div class=\"elementor-element elementor-element-acebee4 e-flex e-con-boxed e-con e-parent\" data-id=\"acebee4\" data-element_type=\"container\" data-e-type=\"container\">\n\t\t\t\t\t<div class=\"e-con-inner\">\n\t\t\t\t<div class=\"elementor-element elementor-element-05f5485 elementor-widget elementor-widget-text-editor\" data-id=\"05f5485\" data-element_type=\"widget\" data-e-type=\"widget\" data-widget_type=\"text-editor.default\">\n\t\t\t\t\t\t\t\t\t<p>Proporcionamos aos clientes orienta\u00e7\u00e3o atualizada e adequada a cada caso, auxiliando na tomada de decis\u00f5es, bem como na resolu\u00e7\u00e3o de lit\u00edgios.<\/p>\t\t\t\t\t\t\t\t<\/div>\n\t\t\t\t\t<\/div>\n\t\t\t\t<\/div>\n\t\t<div class=\"elementor-element elementor-element-a7b0672 e-flex e-con-boxed e-con e-parent\" data-id=\"a7b0672\" data-element_type=\"container\" data-e-type=\"container\" data-settings=\"{&quot;background_background&quot;:&quot;classic&quot;}\">\n\t\t\t\t\t<div class=\"e-con-inner\">\n\t\t<div class=\"elementor-element elementor-element-39122b0 e-con-full e-flex e-con e-child\" data-id=\"39122b0\" data-element_type=\"container\" data-e-type=\"container\" data-settings=\"{&quot;background_background&quot;:&quot;classic&quot;}\">\n\t\t<div class=\"elementor-element elementor-element-c4f52dc e-con-full e-flex e-con e-child\" data-id=\"c4f52dc\" data-element_type=\"container\" data-e-type=\"container\">\n\t\t\t\t<div class=\"elementor-element elementor-element-43d014c elementor-widget elementor-widget-heading\" data-id=\"43d014c\" data-element_type=\"widget\" data-e-type=\"widget\" data-widget_type=\"heading.default\">\n\t\t\t\t\t<h2 class=\"elementor-heading-title elementor-size-default\">Direito coletivo do trabalho<\/h2>\t\t\t\t<\/div>\n\t\t\t\t<div class=\"elementor-element elementor-element-43a01d8 elementor-widget-divider--view-line elementor-widget elementor-widget-divider\" data-id=\"43a01d8\" data-element_type=\"widget\" data-e-type=\"widget\" data-widget_type=\"divider.default\">\n\t\t\t\t\t\t\t<div class=\"elementor-divider\">\n\t\t\t<span class=\"elementor-divider-separator\">\n\t\t\t\t\t\t<\/span>\n\t\t<\/div>\n\t\t\t\t\t\t<\/div>\n\t\t\t\t<div class=\"elementor-element elementor-element-6d79f2d elementor-widget elementor-widget-text-editor\" data-id=\"6d79f2d\" data-element_type=\"widget\" data-e-type=\"widget\" data-widget_type=\"text-editor.default\">\n\t\t\t\t\t\t\t\t\t<p>\u2013 An\u00e1lise do enquadramento da empresa<\/p><p>\u2013 Verifica\u00e7\u00e3o do cumprimento das normas convencionais em legisla\u00e7\u00e3o trabalhista e acess\u00f3rias<\/p><p>\u2013 Assessoria em negocia\u00e7\u00f5es coletivas<\/p><p>\u2013 Defesa em reclamat\u00f3rias trabalhistas.<\/p>\t\t\t\t\t\t\t\t<\/div>\n\t\t\t\t<div class=\"elementor-element elementor-element-7ad8d4c elementor-widget elementor-widget-heading\" data-id=\"7ad8d4c\" data-element_type=\"widget\" data-e-type=\"widget\" data-widget_type=\"heading.default\">\n\t\t\t\t\t<h2 class=\"elementor-heading-title elementor-size-default\">Direito individual e Gest\u00e3o de RH\n<\/h2>\t\t\t\t<\/div>\n\t\t\t\t<div class=\"elementor-element elementor-element-ae2cab4 elementor-widget-divider--view-line elementor-widget elementor-widget-divider\" data-id=\"ae2cab4\" data-element_type=\"widget\" data-e-type=\"widget\" data-widget_type=\"divider.default\">\n\t\t\t\t\t\t\t<div class=\"elementor-divider\">\n\t\t\t<span class=\"elementor-divider-separator\">\n\t\t\t\t\t\t<\/span>\n\t\t<\/div>\n\t\t\t\t\t\t<\/div>\n\t\t\t\t<div class=\"elementor-element elementor-element-39f37a2 elementor-widget elementor-widget-text-editor\" data-id=\"39f37a2\" data-element_type=\"widget\" data-e-type=\"widget\" data-widget_type=\"text-editor.default\">\n\t\t\t\t\t\t\t\t\t<p>\u2013 Auditoria dos documentos de RH<\/p><p>\u2013 Auditoria das condutas que possam gerar futuros passivos trabalhistas pela gest\u00e3o empresarial<\/p><p>\u2013 Negocia\u00e7\u00f5es relativas a contrata\u00e7\u00f5es e demiss\u00f5es de funcion\u00e1rios<\/p>\t\t\t\t\t\t\t\t<\/div>\n\t\t\t\t<div class=\"elementor-element elementor-element-562f590 elementor-widget elementor-widget-heading\" data-id=\"562f590\" data-element_type=\"widget\" data-e-type=\"widget\" data-widget_type=\"heading.default\">\n\t\t\t\t\t<h2 class=\"elementor-heading-title elementor-size-default\">Contencioso<\/h2>\t\t\t\t<\/div>\n\t\t\t\t<div class=\"elementor-element elementor-element-92f8169 elementor-widget-divider--view-line elementor-widget elementor-widget-divider\" data-id=\"92f8169\" data-element_type=\"widget\" data-e-type=\"widget\" data-widget_type=\"divider.default\">\n\t\t\t\t\t\t\t<div class=\"elementor-divider\">\n\t\t\t<span class=\"elementor-divider-separator\">\n\t\t\t\t\t\t<\/span>\n\t\t<\/div>\n\t\t\t\t\t\t<\/div>\n\t\t\t\t<div class=\"elementor-element elementor-element-13d125e elementor-widget elementor-widget-text-editor\" data-id=\"13d125e\" data-element_type=\"widget\" data-e-type=\"widget\" data-widget_type=\"text-editor.default\">\n\t\t\t\t\t\t\t\t\t<p>\u2013 Defesa e acompanhamento de demandas judiciais em todas as inst\u00e2ncias e em todo o territ\u00f3rio nacional.<\/p><p>\u2013 Atua\u00e7\u00e3o em procedimentos promovidos pelo Minist\u00e9rio P\u00fablico do Trabalho<\/p><p>\u2013 Assessoria, defesa e acompanhamento em todas as esferas administrativas correlatas.<\/p>\t\t\t\t\t\t\t\t<\/div>\n\t\t\t\t<div class=\"elementor-element elementor-element-7f4a3eb elementor-widget elementor-widget-heading\" data-id=\"7f4a3eb\" data-element_type=\"widget\" data-e-type=\"widget\" data-widget_type=\"heading.default\">\n\t\t\t\t\t<h2 class=\"elementor-heading-title elementor-size-default\">Consultivo<\/h2>\t\t\t\t<\/div>\n\t\t\t\t<div class=\"elementor-element elementor-element-9f7fb3a elementor-widget-divider--view-line elementor-widget elementor-widget-divider\" data-id=\"9f7fb3a\" data-element_type=\"widget\" data-e-type=\"widget\" data-widget_type=\"divider.default\">\n\t\t\t\t\t\t\t<div class=\"elementor-divider\">\n\t\t\t<span class=\"elementor-divider-separator\">\n\t\t\t\t\t\t<\/span>\n\t\t<\/div>\n\t\t\t\t\t\t<\/div>\n\t\t\t\t<div class=\"elementor-element elementor-element-051388d elementor-widget elementor-widget-text-editor\" data-id=\"051388d\" data-element_type=\"widget\" data-e-type=\"widget\" data-widget_type=\"text-editor.default\">\n\t\t\t\t\t\t\t\t\t<p>\u2013 An\u00e1lise de risco legal, com elabora\u00e7\u00e3o de contratos, acordo, termos.<\/p><p>\u2013 Assessoria preventiva de forma \u00e1gil, t\u00e9cnica e precisa.<\/p><p>\u2013 Elabora\u00e7\u00e3o pareceres.<\/p>\t\t\t\t\t\t\t\t<\/div>\n\t\t\t\t<\/div>\n\t\t<div class=\"elementor-element elementor-element-217953e e-con-full e-flex e-con e-child\" data-id=\"217953e\" data-element_type=\"container\" data-e-type=\"container\" data-settings=\"{&quot;background_background&quot;:&quot;classic&quot;}\">\n\t\t\t\t<div class=\"elementor-element elementor-element-f07c681 elementor-widget elementor-widget-image\" data-id=\"f07c681\" data-element_type=\"widget\" data-e-type=\"widget\" data-widget_type=\"image.default\">\n\t\t\t\t\t\t\t\t\t\t\t\t\t\t\t<img fetchpriority=\"high\" decoding=\"async\" width=\"800\" height=\"900\" src=\"https:\/\/esteiradeprojetos.com.br\/binadvogados\/wp-content\/uploads\/2026\/02\/Inspiradoras-56.png\" class=\"attachment-large size-large wp-image-831\" alt=\"\" srcset=\"https:\/\/esteiradeprojetos.com.br\/binadvogados\/wp-content\/uploads\/2026\/02\/Inspiradoras-56.png 800w, https:\/\/esteiradeprojetos.com.br\/binadvogados\/wp-content\/uploads\/2026\/02\/Inspiradoras-56-267x300.png 267w, https:\/\/esteiradeprojetos.com.br\/binadvogados\/wp-content\/uploads\/2026\/02\/Inspiradoras-56-768x864.png 768w\" sizes=\"(max-width: 800px) 100vw, 800px\" \/>\t\t\t\t\t\t\t\t\t\t\t\t\t\t\t<\/div>\n\t\t\t\t<\/div>\n\t\t\t\t<\/div>\n\t\t\t\t\t<\/div>\n\t\t\t\t<\/div>\n\t\t\t\t<\/div>\n\t\t","protected":false},"excerpt":{"rendered":"<p>RELA\u00c7\u00d5ES TRABALHISTAS Proporcionamos aos clientes orienta\u00e7\u00e3o atualizada e adequada a cada caso, auxiliando na tomada de decis\u00f5es, bem como na resolu\u00e7\u00e3o de lit\u00edgios. Direito coletivo do trabalho \u2013 An\u00e1lise do enquadramento da empresa \u2013 Verifica\u00e7\u00e3o do cumprimento das normas convencionais em legisla\u00e7\u00e3o trabalhista e acess\u00f3rias \u2013 Assessoria em negocia\u00e7\u00f5es coletivas \u2013 Defesa em reclamat\u00f3rias trabalhistas. [&hellip;]<\/p>\n","protected":false},"author":1,"featured_media":0,"parent":0,"menu_order":0,"comment_status":"closed","ping_status":"closed","template":"","meta":{"footnotes":""},"class_list":["post-451","page","type-page","status-publish","hentry"],"_hostinger_reach_plugin_has_subscription_block":false,"_hostinger_reach_plugin_is_elementor":false,"_links":{"self":[{"href":"https:\/\/esteiradeprojetos.com.br\/binadvogados\/wp-json\/wp\/v2\/pages\/451","targetHints":{"allow":["GET"]}}],"collection":[{"href":"https:\/\/esteiradeprojetos.com.br\/binadvogados\/wp-json\/wp\/v2\/pages"}],"about":[{"href":"https:\/\/esteiradeprojetos.com.br\/binadvogados\/wp-json\/wp\/v2\/types\/page"}],"author":[{"embeddable":true,"href":"https:\/\/esteiradeprojetos.com.br\/binadvogados\/wp-json\/wp\/v2\/users\/1"}],"replies":[{"embeddable":true,"href":"https:\/\/esteiradeprojetos.com.br\/binadvogados\/wp-json\/wp\/v2\/comments?post=451"}],"version-history":[{"count":25,"href":"https:\/\/esteiradeprojetos.com.br\/binadvogados\/wp-json\/wp\/v2\/pages\/451\/revisions"}],"predecessor-version":[{"id":973,"href":"https:\/\/esteiradeprojetos.com.br\/binadvogados\/wp-json\/wp\/v2\/pages\/451\/revisions\/973"}],"wp:attachment":[{"href":"https:\/\/esteiradeprojetos.com.br\/binadvogados\/wp-json\/wp\/v2\/media?parent=451"}],"curies":[{"name":"wp","href":"https:\/\/api.w.org\/{rel}","templated":true}]}}