{"id":390,"date":"2026-01-20T18:54:10","date_gmt":"2026-01-20T18:54:10","guid":{"rendered":"https:\/\/esteiradeprojetos.com.br\/binadvogados\/?page_id=390"},"modified":"2026-02-02T16:22:04","modified_gmt":"2026-02-02T16:22:04","slug":"administrativo-regulatorio-e-acoes-especiais","status":"publish","type":"page","link":"https:\/\/esteiradeprojetos.com.br\/binadvogados\/administrativo-regulatorio-e-acoes-especiais\/","title":{"rendered":"Administrativo, Regulat\u00f3rio e A\u00e7\u00f5es Especiais"},"content":{"rendered":"\t\t<div data-elementor-type=\"wp-page\" data-elementor-id=\"390\" class=\"elementor elementor-390\" data-elementor-post-type=\"page\">\n\t\t\t\t<div class=\"elementor-element elementor-element-f8486f9 e-flex e-con-boxed e-con e-parent\" data-id=\"f8486f9\" data-element_type=\"container\" data-e-type=\"container\" data-settings=\"{&quot;background_background&quot;:&quot;classic&quot;}\">\n\t\t\t\t\t<div class=\"e-con-inner\">\n\t\t\t\t<div class=\"elementor-element elementor-element-fde0f52 elementor-widget elementor-widget-heading\" data-id=\"fde0f52\" data-element_type=\"widget\" data-e-type=\"widget\" data-widget_type=\"heading.default\">\n\t\t\t\t\t<h2 class=\"elementor-heading-title elementor-size-default\">Administrativo, Regulat\u00f3rio<br> e A\u00e7\u00f5es Especiais<\/h2>\t\t\t\t<\/div>\n\t\t\t\t<div class=\"elementor-element elementor-element-f612b47 elementor-widget-divider--view-line elementor-widget elementor-widget-divider\" data-id=\"f612b47\" data-element_type=\"widget\" data-e-type=\"widget\" data-widget_type=\"divider.default\">\n\t\t\t\t\t\t\t<div class=\"elementor-divider\">\n\t\t\t<span class=\"elementor-divider-separator\">\n\t\t\t\t\t\t<\/span>\n\t\t<\/div>\n\t\t\t\t\t\t<\/div>\n\t\t\t\t\t<\/div>\n\t\t\t\t<\/div>\n\t\t<div class=\"elementor-element elementor-element-a7b0672 e-flex e-con-boxed e-con e-parent\" data-id=\"a7b0672\" data-element_type=\"container\" data-e-type=\"container\" data-settings=\"{&quot;background_background&quot;:&quot;classic&quot;}\">\n\t\t\t\t\t<div class=\"e-con-inner\">\n\t\t<div class=\"elementor-element elementor-element-39122b0 e-con-full e-flex e-con e-child\" data-id=\"39122b0\" data-element_type=\"container\" data-e-type=\"container\" data-settings=\"{&quot;background_background&quot;:&quot;classic&quot;}\">\n\t\t<div class=\"elementor-element elementor-element-c4f52dc e-con-full e-flex e-con e-child\" data-id=\"c4f52dc\" data-element_type=\"container\" data-e-type=\"container\">\n\t\t\t\t<div class=\"elementor-element elementor-element-dcdb763 elementor-widget elementor-widget-heading\" data-id=\"dcdb763\" data-element_type=\"widget\" data-e-type=\"widget\" data-widget_type=\"heading.default\">\n\t\t\t\t\t<h2 class=\"elementor-heading-title elementor-size-default\">Planejamento<\/h2>\t\t\t\t<\/div>\n\t\t\t\t<div class=\"elementor-element elementor-element-c4663a6 elementor-widget-divider--view-line elementor-widget elementor-widget-divider\" data-id=\"c4663a6\" data-element_type=\"widget\" data-e-type=\"widget\" data-widget_type=\"divider.default\">\n\t\t\t\t\t\t\t<div class=\"elementor-divider\">\n\t\t\t<span class=\"elementor-divider-separator\">\n\t\t\t\t\t\t<\/span>\n\t\t<\/div>\n\t\t\t\t\t\t<\/div>\n\t\t\t\t<div class=\"elementor-element elementor-element-80668e2 elementor-widget elementor-widget-text-editor\" data-id=\"80668e2\" data-element_type=\"widget\" data-e-type=\"widget\" data-widget_type=\"text-editor.default\">\n\t\t\t\t\t\t\t\t\t<p>\u2013 Efici\u00eancia e seguran\u00e7a institucional por meio do trabalho contencioso de alta qualidade;<\/p><p>\u2013 Avalia\u00e7\u00e3o da viabilidade de a\u00e7\u00f5es de recupera\u00e7\u00e3o de investimentos;<\/p><p>\u2013 Reorganiza\u00e7\u00e3o de d\u00edvidas e recupera\u00e7\u00e3o de cr\u00e9ditos.<\/p>\t\t\t\t\t\t\t\t<\/div>\n\t\t\t\t<div class=\"elementor-element elementor-element-2827748 elementor-widget elementor-widget-heading\" data-id=\"2827748\" data-element_type=\"widget\" data-e-type=\"widget\" data-widget_type=\"heading.default\">\n\t\t\t\t\t<h2 class=\"elementor-heading-title elementor-size-default\">Contencioso<\/h2>\t\t\t\t<\/div>\n\t\t\t\t<div class=\"elementor-element elementor-element-2b10bc6 elementor-widget-divider--view-line elementor-widget elementor-widget-divider\" data-id=\"2b10bc6\" data-element_type=\"widget\" data-e-type=\"widget\" data-widget_type=\"divider.default\">\n\t\t\t\t\t\t\t<div class=\"elementor-divider\">\n\t\t\t<span class=\"elementor-divider-separator\">\n\t\t\t\t\t\t<\/span>\n\t\t<\/div>\n\t\t\t\t\t\t<\/div>\n\t\t\t\t<div class=\"elementor-element elementor-element-4a7f6a4 elementor-widget elementor-widget-text-editor\" data-id=\"4a7f6a4\" data-element_type=\"widget\" data-e-type=\"widget\" data-widget_type=\"text-editor.default\">\n\t\t\t\t\t\t\t\t\t<p>\u2013 Atendimento de grande volume de passivos banc\u00e1rios em todo o territ\u00f3rio nacional;<\/p><p>\u00a0\u2013 Gest\u00e3o de informa\u00e7\u00e3o com Jurimetria apurada com relat\u00f3rios que auxiliam a macro vis\u00e3o do passivo;<\/p><p>\u2013 Acompanhamento e representa\u00e7\u00e3o em a\u00e7\u00f5es judiciais, objetivando minimizar os encargos e analisar cl\u00e1usulas ilegais e abusivas;<\/p><p>\u00a0\u2013 Economia processual.<\/p>\t\t\t\t\t\t\t\t<\/div>\n\t\t\t\t<div class=\"elementor-element elementor-element-fcc3add elementor-widget elementor-widget-heading\" data-id=\"fcc3add\" data-element_type=\"widget\" data-e-type=\"widget\" data-widget_type=\"heading.default\">\n\t\t\t\t\t<h2 class=\"elementor-heading-title elementor-size-default\">Consultivo<\/h2>\t\t\t\t<\/div>\n\t\t\t\t<div class=\"elementor-element elementor-element-69243d0 elementor-widget-divider--view-line elementor-widget elementor-widget-divider\" data-id=\"69243d0\" data-element_type=\"widget\" data-e-type=\"widget\" data-widget_type=\"divider.default\">\n\t\t\t\t\t\t\t<div class=\"elementor-divider\">\n\t\t\t<span class=\"elementor-divider-separator\">\n\t\t\t\t\t\t<\/span>\n\t\t<\/div>\n\t\t\t\t\t\t<\/div>\n\t\t\t\t<div class=\"elementor-element elementor-element-894fe8d elementor-widget elementor-widget-text-editor\" data-id=\"894fe8d\" data-element_type=\"widget\" data-e-type=\"widget\" data-widget_type=\"text-editor.default\">\n\t\t\t\t\t\t\t\t\t<p>\u2013 Antecipa\u00e7\u00e3o do risco por meio de pareceres referentes a processos de mudan\u00e7as de pol\u00edticas que impactem o segmento;<\/p><p>\u2013 Avalia\u00e7\u00e3o da situa\u00e7\u00e3o dos cr\u00e9ditos de pessoas f\u00edsicas e jur\u00eddicas e suas garantias;<\/p><p>\u00a0\u2013 Aux\u00edlio na tomada de decis\u00f5es estrat\u00e9gicas.<\/p>\t\t\t\t\t\t\t\t<\/div>\n\t\t\t\t<\/div>\n\t\t<div class=\"elementor-element elementor-element-217953e e-con-full e-flex e-con e-child\" data-id=\"217953e\" data-element_type=\"container\" data-e-type=\"container\" data-settings=\"{&quot;background_background&quot;:&quot;classic&quot;}\">\n\t\t\t\t<div class=\"elementor-element elementor-element-f07c681 elementor-widget elementor-widget-image\" data-id=\"f07c681\" data-element_type=\"widget\" data-e-type=\"widget\" data-widget_type=\"image.default\">\n\t\t\t\t\t\t\t\t\t\t\t\t\t\t\t<img fetchpriority=\"high\" decoding=\"async\" width=\"800\" height=\"900\" src=\"https:\/\/esteiradeprojetos.com.br\/binadvogados\/wp-content\/uploads\/2026\/02\/Inspiradoras-59.png\" class=\"attachment-large size-large wp-image-834\" alt=\"\" srcset=\"https:\/\/esteiradeprojetos.com.br\/binadvogados\/wp-content\/uploads\/2026\/02\/Inspiradoras-59.png 800w, https:\/\/esteiradeprojetos.com.br\/binadvogados\/wp-content\/uploads\/2026\/02\/Inspiradoras-59-267x300.png 267w, https:\/\/esteiradeprojetos.com.br\/binadvogados\/wp-content\/uploads\/2026\/02\/Inspiradoras-59-768x864.png 768w\" sizes=\"(max-width: 800px) 100vw, 800px\" \/>\t\t\t\t\t\t\t\t\t\t\t\t\t\t\t<\/div>\n\t\t\t\t<\/div>\n\t\t\t\t<\/div>\n\t\t\t\t\t<\/div>\n\t\t\t\t<\/div>\n\t\t\t\t<\/div>\n\t\t","protected":false},"excerpt":{"rendered":"<p>Administrativo, Regulat\u00f3rio e A\u00e7\u00f5es Especiais Planejamento \u2013 Efici\u00eancia e seguran\u00e7a institucional por meio do trabalho contencioso de alta qualidade; \u2013 Avalia\u00e7\u00e3o da viabilidade de a\u00e7\u00f5es de recupera\u00e7\u00e3o de investimentos; \u2013 Reorganiza\u00e7\u00e3o de d\u00edvidas e recupera\u00e7\u00e3o de cr\u00e9ditos. Contencioso \u2013 Atendimento de grande volume de passivos banc\u00e1rios em todo o territ\u00f3rio nacional; \u00a0\u2013 Gest\u00e3o de informa\u00e7\u00e3o [&hellip;]<\/p>\n","protected":false},"author":1,"featured_media":0,"parent":0,"menu_order":0,"comment_status":"closed","ping_status":"closed","template":"","meta":{"footnotes":""},"class_list":["post-390","page","type-page","status-publish","hentry"],"_hostinger_reach_plugin_has_subscription_block":false,"_hostinger_reach_plugin_is_elementor":false,"_links":{"self":[{"href":"https:\/\/esteiradeprojetos.com.br\/binadvogados\/wp-json\/wp\/v2\/pages\/390","targetHints":{"allow":["GET"]}}],"collection":[{"href":"https:\/\/esteiradeprojetos.com.br\/binadvogados\/wp-json\/wp\/v2\/pages"}],"about":[{"href":"https:\/\/esteiradeprojetos.com.br\/binadvogados\/wp-json\/wp\/v2\/types\/page"}],"author":[{"embeddable":true,"href":"https:\/\/esteiradeprojetos.com.br\/binadvogados\/wp-json\/wp\/v2\/users\/1"}],"replies":[{"embeddable":true,"href":"https:\/\/esteiradeprojetos.com.br\/binadvogados\/wp-json\/wp\/v2\/comments?post=390"}],"version-history":[{"count":28,"href":"https:\/\/esteiradeprojetos.com.br\/binadvogados\/wp-json\/wp\/v2\/pages\/390\/revisions"}],"predecessor-version":[{"id":922,"href":"https:\/\/esteiradeprojetos.com.br\/binadvogados\/wp-json\/wp\/v2\/pages\/390\/revisions\/922"}],"wp:attachment":[{"href":"https:\/\/esteiradeprojetos.com.br\/binadvogados\/wp-json\/wp\/v2\/media?parent=390"}],"curies":[{"name":"wp","href":"https:\/\/api.w.org\/{rel}","templated":true}]}}