{"id":385,"date":"2026-01-20T18:48:59","date_gmt":"2026-01-20T18:48:59","guid":{"rendered":"https:\/\/esteiradeprojetos.com.br\/binadvogados\/?page_id=385"},"modified":"2026-02-02T16:23:38","modified_gmt":"2026-02-02T16:23:38","slug":"compliance","status":"publish","type":"page","link":"https:\/\/esteiradeprojetos.com.br\/binadvogados\/compliance\/","title":{"rendered":"Compliance"},"content":{"rendered":"\t\t<div data-elementor-type=\"wp-page\" data-elementor-id=\"385\" class=\"elementor elementor-385\" data-elementor-post-type=\"page\">\n\t\t\t\t<div class=\"elementor-element elementor-element-f8486f9 e-flex e-con-boxed e-con e-parent\" data-id=\"f8486f9\" data-element_type=\"container\" data-e-type=\"container\" data-settings=\"{&quot;background_background&quot;:&quot;classic&quot;}\">\n\t\t\t\t\t<div class=\"e-con-inner\">\n\t\t\t\t<div class=\"elementor-element elementor-element-fde0f52 elementor-widget elementor-widget-heading\" data-id=\"fde0f52\" data-element_type=\"widget\" data-e-type=\"widget\" data-widget_type=\"heading.default\">\n\t\t\t\t\t<h2 class=\"elementor-heading-title elementor-size-default\">COMPLIANCE<\/h2>\t\t\t\t<\/div>\n\t\t\t\t<div class=\"elementor-element elementor-element-f612b47 elementor-widget-divider--view-line elementor-widget elementor-widget-divider\" data-id=\"f612b47\" data-element_type=\"widget\" data-e-type=\"widget\" data-widget_type=\"divider.default\">\n\t\t\t\t\t\t\t<div class=\"elementor-divider\">\n\t\t\t<span class=\"elementor-divider-separator\">\n\t\t\t\t\t\t<\/span>\n\t\t<\/div>\n\t\t\t\t\t\t<\/div>\n\t\t\t\t\t<\/div>\n\t\t\t\t<\/div>\n\t\t<div class=\"elementor-element elementor-element-a7b0672 e-flex e-con-boxed e-con e-parent\" data-id=\"a7b0672\" data-element_type=\"container\" data-e-type=\"container\" data-settings=\"{&quot;background_background&quot;:&quot;classic&quot;}\">\n\t\t\t\t\t<div class=\"e-con-inner\">\n\t\t<div class=\"elementor-element elementor-element-39122b0 e-con-full e-flex e-con e-child\" data-id=\"39122b0\" data-element_type=\"container\" data-e-type=\"container\" data-settings=\"{&quot;background_background&quot;:&quot;classic&quot;}\">\n\t\t<div class=\"elementor-element elementor-element-c4f52dc e-con-full e-flex e-con e-child\" data-id=\"c4f52dc\" data-element_type=\"container\" data-e-type=\"container\">\n\t\t\t\t<div class=\"elementor-element elementor-element-dbedfa8 elementor-widget elementor-widget-text-editor\" data-id=\"dbedfa8\" data-element_type=\"widget\" data-e-type=\"widget\" data-widget_type=\"text-editor.default\">\n\t\t\t\t\t\t\t\t\t<p>Atrav\u00e9s da implementa\u00e7\u00e3o do compliance, prestamos assessoria e consultoria em institui\u00e7\u00f5es e empresas nos mais variados ramos, com o intuito de investigar e identificar riscos, passivos contingentes, subornos, benef\u00edcio pr\u00f3prio ou alheio de agentes.<\/p><ul><li>Assessoramos empresas, institui\u00e7\u00f5es financeiras e seus executivos em todos os aspectos de compliance, investiga\u00e7\u00f5es e identifica\u00e7\u00e3o de riscos, passivos contingentes, lavagem de dinheiro e outros.<\/li><li>Auxiliamos nossos clientes a desenvolver e implementar procedimentos de compliance, desde avalia\u00e7\u00f5es de risco de corrup\u00e7\u00e3o e de programas de compliance, pol\u00edticas e procedimentos at\u00e9 sistemas de reporting e treinamentos interno.<\/li><\/ul><p>Exemplo de pr\u00e1ticas:<\/p><ul><li>Consultoria na implementa\u00e7\u00e3o e revis\u00e3o de programa de compliance<\/li><li>Assessoria com treinamentos<\/li><\/ul>\t\t\t\t\t\t\t\t<\/div>\n\t\t\t\t<\/div>\n\t\t<div class=\"elementor-element elementor-element-217953e e-con-full e-flex e-con e-child\" data-id=\"217953e\" data-element_type=\"container\" data-e-type=\"container\" data-settings=\"{&quot;background_background&quot;:&quot;classic&quot;}\">\n\t\t\t\t<div class=\"elementor-element elementor-element-f07c681 elementor-widget elementor-widget-image\" data-id=\"f07c681\" data-element_type=\"widget\" data-e-type=\"widget\" data-widget_type=\"image.default\">\n\t\t\t\t\t\t\t\t\t\t\t\t\t\t\t<img fetchpriority=\"high\" decoding=\"async\" width=\"800\" height=\"900\" src=\"https:\/\/esteiradeprojetos.com.br\/binadvogados\/wp-content\/uploads\/2026\/02\/Inspiradoras-62.png\" class=\"attachment-large size-large wp-image-867\" alt=\"\" srcset=\"https:\/\/esteiradeprojetos.com.br\/binadvogados\/wp-content\/uploads\/2026\/02\/Inspiradoras-62.png 800w, https:\/\/esteiradeprojetos.com.br\/binadvogados\/wp-content\/uploads\/2026\/02\/Inspiradoras-62-267x300.png 267w, https:\/\/esteiradeprojetos.com.br\/binadvogados\/wp-content\/uploads\/2026\/02\/Inspiradoras-62-768x864.png 768w\" sizes=\"(max-width: 800px) 100vw, 800px\" \/>\t\t\t\t\t\t\t\t\t\t\t\t\t\t\t<\/div>\n\t\t\t\t<\/div>\n\t\t\t\t<\/div>\n\t\t\t\t\t<\/div>\n\t\t\t\t<\/div>\n\t\t\t\t<\/div>\n\t\t","protected":false},"excerpt":{"rendered":"<p>COMPLIANCE Atrav\u00e9s da implementa\u00e7\u00e3o do compliance, prestamos assessoria e consultoria em institui\u00e7\u00f5es e empresas nos mais variados ramos, com o intuito de investigar e identificar riscos, passivos contingentes, subornos, benef\u00edcio pr\u00f3prio ou alheio de agentes. Assessoramos empresas, institui\u00e7\u00f5es financeiras e seus executivos em todos os aspectos de compliance, investiga\u00e7\u00f5es e identifica\u00e7\u00e3o de riscos, passivos contingentes, [&hellip;]<\/p>\n","protected":false},"author":1,"featured_media":0,"parent":0,"menu_order":0,"comment_status":"closed","ping_status":"closed","template":"","meta":{"footnotes":""},"class_list":["post-385","page","type-page","status-publish","hentry"],"_hostinger_reach_plugin_has_subscription_block":false,"_hostinger_reach_plugin_is_elementor":false,"_links":{"self":[{"href":"https:\/\/esteiradeprojetos.com.br\/binadvogados\/wp-json\/wp\/v2\/pages\/385","targetHints":{"allow":["GET"]}}],"collection":[{"href":"https:\/\/esteiradeprojetos.com.br\/binadvogados\/wp-json\/wp\/v2\/pages"}],"about":[{"href":"https:\/\/esteiradeprojetos.com.br\/binadvogados\/wp-json\/wp\/v2\/types\/page"}],"author":[{"embeddable":true,"href":"https:\/\/esteiradeprojetos.com.br\/binadvogados\/wp-json\/wp\/v2\/users\/1"}],"replies":[{"embeddable":true,"href":"https:\/\/esteiradeprojetos.com.br\/binadvogados\/wp-json\/wp\/v2\/comments?post=385"}],"version-history":[{"count":10,"href":"https:\/\/esteiradeprojetos.com.br\/binadvogados\/wp-json\/wp\/v2\/pages\/385\/revisions"}],"predecessor-version":[{"id":931,"href":"https:\/\/esteiradeprojetos.com.br\/binadvogados\/wp-json\/wp\/v2\/pages\/385\/revisions\/931"}],"wp:attachment":[{"href":"https:\/\/esteiradeprojetos.com.br\/binadvogados\/wp-json\/wp\/v2\/media?parent=385"}],"curies":[{"name":"wp","href":"https:\/\/api.w.org\/{rel}","templated":true}]}}